{"id":708,"date":"2025-05-12T12:19:32","date_gmt":"2025-05-12T10:19:32","guid":{"rendered":"https:\/\/stierli-buck.ch\/ecole-de-conduite\/"},"modified":"2025-06-18T13:30:04","modified_gmt":"2025-06-18T11:30:04","slug":"ecole-de-conduite","status":"publish","type":"page","link":"https:\/\/stierli-buck.ch\/fr\/ecole-de-conduite\/","title":{"rendered":"\u00c9cole de conduite"},"content":{"rendered":"\t\t<div data-elementor-type=\"wp-page\" data-elementor-id=\"708\" class=\"elementor elementor-708 elementor-75\" data-elementor-post-type=\"page\">\n\t\t\t\t<div class=\"elementor-element elementor-element-70b2c88 e-con-full e-flex e-con e-parent\" data-id=\"70b2c88\" data-element_type=\"container\" data-settings=\"{&quot;background_background&quot;:&quot;classic&quot;}\">\n\t\t<div class=\"elementor-element elementor-element-caf83a2 e-flex e-con-boxed e-con e-child\" data-id=\"caf83a2\" data-element_type=\"container\">\n\t\t\t\t\t<div class=\"e-con-inner\">\n\t\t<div class=\"elementor-element elementor-element-f5fabc9 e-con-full e-flex e-con e-child\" data-id=\"f5fabc9\" data-element_type=\"container\">\n\t\t\t\t<div class=\"elementor-element elementor-element-956e6f5 elementor-widget__width-inherit elementor-invisible elementor-widget elementor-widget-heading\" data-id=\"956e6f5\" data-element_type=\"widget\" data-settings=\"{&quot;_animation&quot;:&quot;fadeInDown&quot;}\" data-widget_type=\"heading.default\">\n\t\t\t\t<div class=\"elementor-widget-container\">\n\t\t\t\t\t<h1 class=\"elementor-heading-title elementor-size-default\">\u00c9cole de conduite  <\/h1>\t\t\t\t<\/div>\n\t\t\t\t<\/div>\n\t\t\t\t<div class=\"elementor-element elementor-element-6e74e21 elementor-mobile-align-justify elementor-align-center elementor-invisible elementor-widget elementor-widget-button\" data-id=\"6e74e21\" data-element_type=\"widget\" data-settings=\"{&quot;_animation&quot;:&quot;fadeInUp&quot;}\" data-widget_type=\"button.default\">\n\t\t\t\t<div class=\"elementor-widget-container\">\n\t\t\t\t\t\t\t\t\t<div class=\"elementor-button-wrapper\">\n\t\t\t\t\t<a class=\"elementor-button elementor-button-link elementor-size-sm\" href=\"https:\/\/www.fahr-ausbildung.ch\/\" target=\"_blank\" rel=\"noopener\">\n\t\t\t\t\t\t<span class=\"elementor-button-content-wrapper\">\n\t\t\t\t\t\t\t\t\t<span class=\"elementor-button-text\">Visiter le site web<\/span>\n\t\t\t\t\t<\/span>\n\t\t\t\t\t<\/a>\n\t\t\t\t<\/div>\n\t\t\t\t\t\t\t\t<\/div>\n\t\t\t\t<\/div>\n\t\t\t\t<div class=\"elementor-element elementor-element-b9fc6c8 elementor-mobile-align-justify elementor-align-center elementor-invisible elementor-widget elementor-widget-button\" data-id=\"b9fc6c8\" data-element_type=\"widget\" data-settings=\"{&quot;_animation&quot;:&quot;fadeInUp&quot;}\" data-widget_type=\"button.default\">\n\t\t\t\t<div class=\"elementor-widget-container\">\n\t\t\t\t\t\t\t\t\t<div class=\"elementor-button-wrapper\">\n\t\t\t\t\t<a class=\"elementor-button elementor-button-link elementor-size-sm\" href=\"http:\/\/tel&#039;+417923714%2041\">\n\t\t\t\t\t\t<span class=\"elementor-button-content-wrapper\">\n\t\t\t\t\t\t\t\t\t<span class=\"elementor-button-text\">Appeler directement<\/span>\n\t\t\t\t\t<\/span>\n\t\t\t\t\t<\/a>\n\t\t\t\t<\/div>\n\t\t\t\t\t\t\t\t<\/div>\n\t\t\t\t<\/div>\n\t\t\t\t<\/div>\n\t\t\t\t\t<\/div>\n\t\t\t\t<\/div>\n\t\t\t\t<\/div>\n\t\t<div class=\"elementor-element elementor-element-e81b54d e-con-full e-flex e-con e-parent\" data-id=\"e81b54d\" data-element_type=\"container\">\n\t\t<div class=\"elementor-element elementor-element-6764eb4 e-flex e-con-boxed e-con e-child\" data-id=\"6764eb4\" data-element_type=\"container\">\n\t\t\t\t\t<div class=\"e-con-inner\">\n\t\t<div class=\"elementor-element elementor-element-86b38a1 e-con-full e-flex e-con e-child\" data-id=\"86b38a1\" data-element_type=\"container\" data-settings=\"{&quot;background_background&quot;:&quot;classic&quot;}\">\n\t\t<div class=\"elementor-element elementor-element-6d06451 e-con-full e-flex e-con e-child\" data-id=\"6d06451\" data-element_type=\"container\">\n\t\t\t\t<div class=\"elementor-element elementor-element-f88fa62 elementor-widget elementor-widget-counter\" data-id=\"f88fa62\" data-element_type=\"widget\" data-widget_type=\"counter.default\">\n\t\t\t\t<div class=\"elementor-widget-container\">\n\t\t\t\t\t\t\t<div class=\"elementor-counter\">\n\t\t\t<div class=\"elementor-counter-title\">Cat\u00e9gories<\/div>\t\t\t<div class=\"elementor-counter-number-wrapper\">\n\t\t\t\t<span class=\"elementor-counter-number-prefix\"><\/span>\n\t\t\t\t<span class=\"elementor-counter-number\" data-duration=\"2000\" data-to-value=\"12\" data-from-value=\"0\" data-delimiter=\",\">0<\/span>\n\t\t\t\t<span class=\"elementor-counter-number-suffix\"><\/span>\n\t\t\t<\/div>\n\t\t<\/div>\n\t\t\t\t\t\t<\/div>\n\t\t\t\t<\/div>\n\t\t\t\t<\/div>\n\t\t\t\t<\/div>\n\t\t<div class=\"elementor-element elementor-element-843e642 e-con-full e-flex e-con e-child\" data-id=\"843e642\" data-element_type=\"container\">\n\t\t\t\t<div class=\"elementor-element elementor-element-187cfec elementor-widget__width-auto elementor-widget elementor-widget-heading\" data-id=\"187cfec\" data-element_type=\"widget\" data-widget_type=\"heading.default\">\n\t\t\t\t<div class=\"elementor-widget-container\">\n\t\t\t\t\t<div class=\"elementor-heading-title elementor-size-default\">FAHR-AUSBILDUNG.ch AG<\/div>\t\t\t\t<\/div>\n\t\t\t\t<\/div>\n\t\t\t\t<div class=\"elementor-element elementor-element-0f9cf72 elementor-widget elementor-widget-heading\" data-id=\"0f9cf72\" data-element_type=\"widget\" data-widget_type=\"heading.default\">\n\t\t\t\t<div class=\"elementor-widget-container\">\n\t\t\t\t\t<h2 class=\"elementor-heading-title elementor-size-default\">Aper\u00e7u de nos services<\/h2>\t\t\t\t<\/div>\n\t\t\t\t<\/div>\n\t\t\t\t<div class=\"elementor-element elementor-element-7cd3bad elementor-widget elementor-widget-text-editor\" data-id=\"7cd3bad\" data-element_type=\"widget\" data-widget_type=\"text-editor.default\">\n\t\t\t\t<div class=\"elementor-widget-container\">\n\t\t\t\t\t\t\t\t\t<p class=\"\" data-start=\"109\" data-end=\"413\">Que vous soyez en train de passer votre premier permis de conduire ou que vous souhaitiez professionnaliser davantage votre technique de conduite, vous trouverez chez FAHR-AUSBILDUNG.ch AG l&rsquo;offre de cours qui vous convient. Des moniteurs de conduite exp\u00e9riment\u00e9s vous accompagnent pas \u00e0 pas vers la r\u00e9ussite. <\/p><p class=\"\" data-start=\"683\" data-end=\"807\"><strong data-start=\"683\" data-end=\"717\">\u00c9cole de conduite priv\u00e9e (cat\u00e9gorie B)<\/strong><br data-start=\"717\" data-end=\"720\">Formation moderne \u00e0 la conduite pour voitures &#8211; remorques &#8211; camions<\/p><p class=\"\" data-start=\"809\" data-end=\"950\"><strong data-start=\"809\" data-end=\"839\">Formation des conducteurs professionnels<\/strong><br data-start=\"839\" data-end=\"842\">Cours sp\u00e9cialis\u00e9s pour les futurs conducteurs professionnels : formation \u00e0 la s\u00e9curit\u00e9, \u00e0 l&rsquo;\u00e9co-conduite et pr\u00e9paration \u00e0 l&rsquo;examen.<\/p><p class=\"\" data-start=\"952\" data-end=\"1079\"><strong data-start=\"952\" data-end=\"987\">Cours de remise \u00e0 niveau &amp; Refresher<\/strong><br data-start=\"987\" data-end=\"990\">Des formations cibl\u00e9es pour perfectionner votre technique de conduite et minimiser les amendes.<\/p>\t\t\t\t\t\t\t\t<\/div>\n\t\t\t\t<\/div>\n\t\t<div class=\"elementor-element elementor-element-40f18a6 e-con-full e-flex e-con e-child\" data-id=\"40f18a6\" data-element_type=\"container\">\n\t\t\t\t<div class=\"elementor-element elementor-element-939ec19 elementor-widget elementor-widget-image\" data-id=\"939ec19\" data-element_type=\"widget\" data-widget_type=\"image.default\">\n\t\t\t\t<div class=\"elementor-widget-container\">\n\t\t\t\t\t\t\t\t\t\t\t\t\t\t\t<img decoding=\"async\" width=\"514\" height=\"68\" src=\"https:\/\/stierli-buck.ch\/wp-content\/uploads\/2025\/05\/image.gif\" class=\"attachment-large size-large wp-image-683\" alt=\"Fahrschule\" \/>\t\t\t\t\t\t\t\t\t\t\t\t\t\t\t<\/div>\n\t\t\t\t<\/div>\n\t\t\t\t<\/div>\n\t\t\t\t<\/div>\n\t\t\t\t\t<\/div>\n\t\t\t\t<\/div>\n\t\t\t\t<\/div>\n\t\t\t\t<\/div>\n\t\t","protected":false},"excerpt":{"rendered":"<p>\u00c9cole de conduite Visiter le site web Appeler directement Cat\u00e9gories 0 FAHR-AUSBILDUNG.ch AG Aper\u00e7u de nos services Que vous soyez en train de passer votre premier permis de conduire ou [&hellip;]<\/p>\n","protected":false},"author":1,"featured_media":0,"parent":0,"menu_order":4,"comment_status":"closed","ping_status":"closed","template":"","meta":{"_acf_changed":false,"_price":"","_stock":"","_tribe_ticket_header":"","_tribe_default_ticket_provider":"","_tribe_ticket_capacity":"0","_ticket_start_date":"","_ticket_end_date":"","_tribe_ticket_show_description":"","_tribe_ticket_show_not_going":false,"_tribe_ticket_use_global_stock":"","_tribe_ticket_global_stock_level":"","_global_stock_mode":"","_global_stock_cap":"","_tribe_rsvp_for_event":"","_tribe_ticket_going_count":"","_tribe_ticket_not_going_count":"","_tribe_tickets_list":"[]","_tribe_ticket_has_attendee_info_fields":false,"footnotes":"","_tec_slr_enabled":"","_tec_slr_layout":""},"class_list":["post-708","page","type-page","status-publish","hentry"],"acf":[],"ticketed":false,"_links":{"self":[{"href":"https:\/\/stierli-buck.ch\/fr\/wp-json\/wp\/v2\/pages\/708","targetHints":{"allow":["GET"]}}],"collection":[{"href":"https:\/\/stierli-buck.ch\/fr\/wp-json\/wp\/v2\/pages"}],"about":[{"href":"https:\/\/stierli-buck.ch\/fr\/wp-json\/wp\/v2\/types\/page"}],"author":[{"embeddable":true,"href":"https:\/\/stierli-buck.ch\/fr\/wp-json\/wp\/v2\/users\/1"}],"replies":[{"embeddable":true,"href":"https:\/\/stierli-buck.ch\/fr\/wp-json\/wp\/v2\/comments?post=708"}],"version-history":[{"count":2,"href":"https:\/\/stierli-buck.ch\/fr\/wp-json\/wp\/v2\/pages\/708\/revisions"}],"predecessor-version":[{"id":1500,"href":"https:\/\/stierli-buck.ch\/fr\/wp-json\/wp\/v2\/pages\/708\/revisions\/1500"}],"wp:attachment":[{"href":"https:\/\/stierli-buck.ch\/fr\/wp-json\/wp\/v2\/media?parent=708"}],"curies":[{"name":"wp","href":"https:\/\/api.w.org\/{rel}","templated":true}]}}